{"id":2,"date":"2022-11-08T19:07:18","date_gmt":"2022-11-08T18:07:18","guid":{"rendered":"http:\/\/www.velocitysystem.es\/?page_id=2"},"modified":"2023-01-13T12:57:54","modified_gmt":"2023-01-13T11:57:54","slug":"page-d-exemple","status":"publish","type":"page","link":"https:\/\/www.velocitysystem.es\/index.php\/page-d-exemple\/","title":{"rendered":"Servidores y Ordenadores"},"content":{"rendered":"<div class=\"wp-block-image\">\n<figure class=\"alignleft size-full\"><img loading=\"lazy\" decoding=\"async\" width=\"350\" height=\"240\" src=\"http:\/\/www.velocitysystem.es\/wp-content\/uploads\/2023\/01\/Servidores.jpg\" alt=\"\" class=\"wp-image-43\" srcset=\"https:\/\/www.velocitysystem.es\/wp-content\/uploads\/2023\/01\/Servidores.jpg 350w, https:\/\/www.velocitysystem.es\/wp-content\/uploads\/2023\/01\/Servidores-300x206.jpg 300w\" sizes=\"auto, (max-width: 350px) 100vw, 350px\" \/><\/figure>\n<\/div>\n\n\n<p><\/p>\n\n\n\n<p><\/p>\n\n\n\n<p><\/p>\n\n\n\n<p><\/p>\n\n\n\n<p><\/p>\n\n\n\n<p><\/p>\n\n\n\n<p><strong>Instalaci\u00f3n de servidores<\/strong><\/p>\n\n\n\n<p><br>Velocity System le da la posibilidad de cubrir todas sus necesidades, desde el suministro de tota clase de consumibles hasta la adquisici\u00f3n de nuevos equipos inform\u00e1ticos junto a perif\u00e9ricos (impresoras, multifuncionales, faxs, etc&#8230;) as\u00ed como el mantenimiento, conectividad o reparaci\u00f3n de los que ya disponga.<\/p>\n\n\n\n<p>&#8211; <strong>Ordenadores<\/strong>: Sobremesa &#8211; Port\u00e1tiles &#8211; Barebone&#8230;<br>&#8211; <strong>Monitores<\/strong>: CRT &#8211; TFT &#8211; Plasma&#8230;<br>&#8211; <strong>Impresoras<\/strong>: Tinta &#8211; Fotogr\u00e1ficas &#8211; L\u00e1ser &#8211; Matriciales &#8211; Plotters &#8211; Faxs&#8230;<br>&#8211; <strong>Imagen<\/strong>: Esc\u00e1neres &#8211; Foto y Video Digital &#8211; Webcams &#8211; Capturadoras de Video y TV&#8230;<br>&#8211; <strong>Sonido<\/strong>: Tarjetas de Sonido &#8211; Altavoces &#8211; Auriculares &#8211; MP3&#8230;<br>&#8211; <strong>Componentes<\/strong>: Placas base &#8211; Procesadores &#8211; Memorias &#8211; Discos Duros&#8230;<br>&#8211; <strong>Cables &#8211; Adaptadores<\/strong>: Impresoras &#8211; Imagen &#8211; Audio &#8211; Conversores&#8230;<br>&#8211; <strong>Consumibles<\/strong>: Cartuchos Originales &#8211; T\u00f3ners &#8211; FDs\/CDs\/CD-RWs &#8211; DVDs\/DVD-RWs&#8230;<br>&#8211; <strong>Conectividad<\/strong><\/p>\n","protected":false},"excerpt":{"rendered":"<p>Instalaci\u00f3n de servidores Velocity System le da la posibilidad de cubrir todas sus necesidades, desde el suministro de tota clase de consumibles hasta la adquisici\u00f3n de nuevos equipos inform\u00e1ticos junto a perif\u00e9ricos (impresoras, multifuncionales, faxs, etc&#8230;) as\u00ed como el mantenimiento, conectividad o reparaci\u00f3n de los que ya disponga. &#8211; Ordenadores: Sobremesa &#8211; Port\u00e1tiles &#8211; Barebone&#8230;&#8211; [&hellip;]<\/p>\n","protected":false},"author":1,"featured_media":0,"parent":0,"menu_order":0,"comment_status":"closed","ping_status":"open","template":"","meta":{"footnotes":""},"class_list":["post-2","page","type-page","status-publish","hentry"],"_links":{"self":[{"href":"https:\/\/www.velocitysystem.es\/index.php\/wp-json\/wp\/v2\/pages\/2","targetHints":{"allow":["GET"]}}],"collection":[{"href":"https:\/\/www.velocitysystem.es\/index.php\/wp-json\/wp\/v2\/pages"}],"about":[{"href":"https:\/\/www.velocitysystem.es\/index.php\/wp-json\/wp\/v2\/types\/page"}],"author":[{"embeddable":true,"href":"https:\/\/www.velocitysystem.es\/index.php\/wp-json\/wp\/v2\/users\/1"}],"replies":[{"embeddable":true,"href":"https:\/\/www.velocitysystem.es\/index.php\/wp-json\/wp\/v2\/comments?post=2"}],"version-history":[{"count":3,"href":"https:\/\/www.velocitysystem.es\/index.php\/wp-json\/wp\/v2\/pages\/2\/revisions"}],"predecessor-version":[{"id":52,"href":"https:\/\/www.velocitysystem.es\/index.php\/wp-json\/wp\/v2\/pages\/2\/revisions\/52"}],"wp:attachment":[{"href":"https:\/\/www.velocitysystem.es\/index.php\/wp-json\/wp\/v2\/media?parent=2"}],"curies":[{"name":"wp","href":"https:\/\/api.w.org\/{rel}","templated":true}]}}